{"id":12193,"date":"2017-05-17T20:05:52","date_gmt":"2017-05-17T18:05:52","guid":{"rendered":"https:\/\/optimfinestra.com\/contacte\/"},"modified":"2022-05-04T16:46:54","modified_gmt":"2022-05-04T14:46:54","slug":"contacte","status":"publish","type":"page","link":"https:\/\/optimfinestra.com\/fr\/contacte\/","title":{"rendered":"Contactez"},"content":{"rendered":"<div class=\"wpb-content-wrapper\"><p>[vc_section full_width=\u00a0\u00bbstretch_row\u00a0\u00bb][vc_row][vc_column][vc_row_inner][vc_column_inner width=\u00a0\u00bb1\/3&Prime;]<div class=\"heading  header-subheader align-left color-black transform-default theme-icon-second icon-type-hidden   vc_custom_1651675608868 heading-tag-h3\" id=\"like_sc_header_1283005261\"><h3 class=\"header ltx-sr-id-like_sc_header_1283005261237221123 ltx-sr ltx-sr-effect-fade_in ltx-sr-el-block ltx-sr-delay-0 ltx-sr-duration-1000 ltx-sr-sequences-0\">Bureaux<\/h3><\/div>[vc_column_text]<\/p>\n<div class=\"page\" title=\"Page 10\">\n<div class=\"layoutArea\">\n<div class=\"column\">\n<p>Nous sommes a\u0300 votre disposition. Rendez-nous visite et parlez-nous de votre projet<\/p>\n<\/div>\n<\/div>\n<\/div>\n<p>[\/vc_column_text]<div class=\"align-center \"><ul class=\"social-icons-list   vc_custom_1646078504970 icon-weight-bold\" id=\"like_sc_header_1127542189\"><li class=\" \"><span class=\"\"><\/span><span class=\"head\">+34 665 369 127<\/span><\/li><li class=\" \"><a href=\"mailto:info@optimfinestra.com\"><span class=\"\"><\/span><span class=\"head\">info@optimfinestra.com<\/span><\/a><\/li><li class=\" \"><span class=\"\"><\/span><span class=\"head\">Avinguda de Roma 60, L'Estartit, Girona<\/span><\/li><\/ul><\/div><div class=\"align-center \"><ul class=\"social-big icon-weight-bold\" id=\"like_sc_header_1829876023\"><li><a href=\"#\" class=\"ltx-social-color fa fa-facebook\"><\/a><\/li><li><a href=\"#\" class=\"ltx-social-color fa fa-twitter\"><\/a><\/li><li><a href=\"#\" class=\"ltx-social-color fa fa-youtube\"><\/a><\/li><li><a href=\"#\" class=\"ltx-social-color fa fa-instagram\"><\/a><\/li><\/ul><\/div>[\/vc_column_inner][vc_column_inner width=\u00a0\u00bb1\/3&Prime;]<div class=\"es-resp\">\t<div class=\"visible-xl\" style=\"height: 0px;\"><\/div>\t<div class=\"hidden-xl hidden-md hidden-sm hidden-ms hidden-xs\" style=\"height: 0px;\"><\/div>\t<div class=\"visible-md\" style=\"height: 0px;\"><\/div>\t<div class=\"visible-sm \" style=\"height: 48px;\"><\/div>\t<div class=\"visible-ms\" style=\"height: 48px;\"><\/div>\t<div class=\"visible-xs\" style=\"height: 48px;\"><\/div><\/div><div class=\"heading  header-subheader align-left color-black subcolor-main transform-default theme-icon-second icon-type-hidden   vc_custom_1651227904581 heading-tag-h3\" id=\"like_sc_header_1559369751\"><h3 class=\"header ltx-sr-id-like_sc_header_15593697511582908277 ltx-sr ltx-sr-effect-fade_in ltx-sr-el-block ltx-sr-delay-0 ltx-sr-duration-1000 ltx-sr-sequences-0\">Programme<\/h3><\/div>[vc_column_text]<\/p>\n<ul class=\"ltx-hours\">\n<li><strong>Lundi:<\/strong> <strong>9:00 \u00e0 13:00 et 15:00 a 19:00<\/strong><\/li>\n<li><strong>Mardi:<\/strong><strong>9:00 \u00e0 13:00 et 15:00 a 19:00<\/strong><\/li>\n<li><strong>Mercredi: <\/strong><strong>9:00 \u00e0 13:00 et 15:00 a 19:00<\/strong><\/li>\n<li><strong>Jeudi: <\/strong><strong>9:00 \u00e0 13:00 et 15:00 a 19:00<\/strong><\/li>\n<li><strong>Vendredi: <\/strong><strong>9:00 \u00e0 13:00 et 15:00 a 19:00<\/strong><\/li>\n<li><strong>Samedi: <\/strong><strong>9:00 \u00e0 13:00\u00a0<\/strong><\/li>\n<li><strong>Dimanches et jours f\u00e9ri\u00e9s:<\/strong> <strong>ferm\u00e9<\/strong><\/li>\n<\/ul>\n<p>[\/vc_column_text]<div class=\"es-resp\">\t<div class=\"hidden-xl hidden-md hidden-sm hidden-ms hidden-xs\" style=\"height: 28px;\"><\/div>\t<div class=\"visible-md\" style=\"height: 28px;\"><\/div>\t<div class=\"visible-sm \" style=\"height: 28px;\"><\/div>\t<div class=\"visible-ms\" style=\"height: 28px;\"><\/div>\t<div class=\"visible-xs\" style=\"height: 28px;\"><\/div><\/div>[\/vc_column_inner][vc_column_inner width=\u00a0\u00bb1\/3&Prime;][vc_single_image image=\u00a0\u00bb10835&Prime; img_size=\u00a0\u00bbmedium\u00a0\u00bb alignment=\u00a0\u00bbcenter\u00a0\u00bb style=\u00a0\u00bbvc_box_rounded\u00a0\u00bb css=\u00a0\u00bb.vc_custom_1647008887092{margin-top: 16px !important;margin-bottom: 0px !important;padding-bottom: 0px !important;}\u00a0\u00bb][\/vc_column_inner][\/vc_row_inner][\/vc_column][\/vc_row][vc_row][vc_column]<div class=\"es-resp\">\t<div class=\"visible-xl\" style=\"height: 80px;\"><\/div>\t<div class=\"hidden-xl hidden-md hidden-sm hidden-ms hidden-xs\" style=\"height: 80px;\"><\/div>\t<div class=\"visible-md\" style=\"height: 80px;\"><\/div>\t<div class=\"visible-sm \" style=\"height: 80px;\"><\/div>\t<div class=\"visible-ms\" style=\"height: 80px;\"><\/div>\t<div class=\"visible-xs\" style=\"height: 80px;\"><\/div><\/div>[\/vc_column][\/vc_row][vc_row full_width=\u00a0\u00bbstretch_row\u00a0\u00bb bg_color_select=\u00a0\u00bbgray\u00a0\u00bb][vc_column]<div class=\"ltx-content-width col-align-center\" id=\"like_sc_content_width_588641782\" style=\"max-width: 1050px\"><div class=\"ltx-wrapper\"><div class=\"es-resp\">\t<div class=\"visible-xl\" style=\"height: 48px;\"><\/div>\t<div class=\"hidden-xl hidden-md hidden-sm hidden-ms hidden-xs\" style=\"height: 48px;\"><\/div>\t<div class=\"visible-md\" style=\"height: 48px;\"><\/div>\t<div class=\"visible-sm \" style=\"height: 48px;\"><\/div>\t<div class=\"visible-ms\" style=\"height: 48px;\"><\/div>\t<div class=\"visible-xs\" style=\"height: 48px;\"><\/div><\/div><div class=\"heading  header-subheader align-center color-black subcolor-main transform-default theme-icon-second icon-type-default   vc_custom_1651227875169 heading-tag-h3\" id=\"like_sc_header_1915204902\"><h3 class=\"header ltx-sr-id-like_sc_header_1915204902798933263 ltx-sr ltx-sr-effect-fade_in ltx-sr-el-block ltx-sr-delay-0 ltx-sr-duration-1000 ltx-sr-sequences-0\">Formulaire de contact<\/h3><\/div><div class=\"ltx-contact-form-7 transform-default form-center form-gray form-bg-gray form-style-default form-btn-default form-btn-default form-padding-none    vc_custom_1651227865116\" id=\"like_sc_contact_form_7_1617107583\">\n<div class=\"wpcf7 no-js\" id=\"wpcf7-f12445-o2\" lang=\"ca\" dir=\"ltr\">\n<div class=\"screen-reader-response\"><p role=\"status\" aria-live=\"polite\" aria-atomic=\"true\"><\/p> <ul><\/ul><\/div>\n<form action=\"\/fr\/wp-json\/wp\/v2\/pages\/12193#wpcf7-f12445-o2\" method=\"post\" class=\"wpcf7-form init\" aria-label=\"Formulari de contacte\" novalidate=\"novalidate\" data-status=\"init\">\n<div style=\"display: none;\">\n<input type=\"hidden\" name=\"_wpcf7\" value=\"12445\" \/>\n<input type=\"hidden\" name=\"_wpcf7_version\" value=\"5.9.3\" \/>\n<input type=\"hidden\" name=\"_wpcf7_locale\" value=\"ca\" \/>\n<input type=\"hidden\" name=\"_wpcf7_unit_tag\" value=\"wpcf7-f12445-o2\" \/>\n<input type=\"hidden\" name=\"_wpcf7_container_post\" value=\"0\" \/>\n<input type=\"hidden\" name=\"_wpcf7_posted_data_hash\" value=\"\" \/>\n<input type=\"hidden\" name=\"_wpcf7_recaptcha_response\" value=\"\" \/>\n<\/div>\n<div class=\"row\">\n\t<div class=\"col-lg-6\">\n\t\t<p><span class=\"wpcf7-form-control-wrap\" data-name=\"nom\"><input size=\"40\" class=\"wpcf7-form-control wpcf7-text wpcf7-validates-as-required\" aria-required=\"true\" aria-invalid=\"false\" placeholder=\"Pr\u00e9nom\" value=\"\" type=\"text\" name=\"nom\" \/><\/span>\n\t\t<\/p>\n\t<\/div>\n\t<div class=\"col-lg-6\">\n\t\t<p><span class=\"wpcf7-form-control-wrap\" data-name=\"correu\"><input size=\"40\" class=\"wpcf7-form-control wpcf7-email wpcf7-validates-as-required wpcf7-text wpcf7-validates-as-email\" aria-required=\"true\" aria-invalid=\"false\" placeholder=\"E-mail\" value=\"\" type=\"email\" name=\"correu\" \/><\/span>\n\t\t<\/p>\n\t<\/div>\n<\/div>\n<p><span class=\"wpcf7-form-control-wrap\" data-name=\"missatge\"><textarea cols=\"40\" rows=\"10\" class=\"wpcf7-form-control wpcf7-textarea\" aria-invalid=\"false\" placeholder=\"Message\" name=\"missatge\"><\/textarea><\/span>\n<\/p>\n<p><input class=\"wpcf7-form-control wpcf7-submit has-spinner\" type=\"submit\" value=\"Envoyer\" \/>\n<\/p><div class=\"wpcf7-response-output\" aria-hidden=\"true\"><\/div>\n<\/form>\n<\/div>\n<\/div><div class=\"es-resp\">\t<div class=\"visible-xl\" style=\"height: 128px;\"><\/div>\t<div class=\"hidden-xl hidden-md hidden-sm hidden-ms hidden-xs\" style=\"height: 128px;\"><\/div>\t<div class=\"visible-md\" style=\"height: 128px;\"><\/div>\t<div class=\"visible-sm \" style=\"height: 128px;\"><\/div>\t<div class=\"visible-ms\" style=\"height: 128px;\"><\/div>\t<div class=\"visible-xs\" style=\"height: 128px;\"><\/div><\/div><\/div><\/div>[\/vc_column][\/vc_row][\/vc_section][vc_row full_width=\u00a0\u00bbstretch_row_content_no_spaces\u00a0\u00bb][vc_column][vc_gmaps link=\u00a0\u00bb#E-8_JTNDaWZyYW1lJTIwc3JjJTNEJTIyaHR0cHMlM0ElMkYlMkZ3d3cuZ29vZ2xlLmNvbSUyRm1hcHMlMkZlbWJlZCUzRnBiJTNEJTIxMW0xOCUyMTFtMTIlMjExbTMlMjExZDE0NjMyNS4zODcyNzM2MjM3JTIxMmQzLjA1Njk5MzgyNTQ3NDAyNDUlMjEzZDQyLjA1MDg5NTAyMTg4MTYxNSUyMTJtMyUyMTFmMCUyMTJmMCUyMTNmMCUyMTNtMiUyMTFpMTAyNCUyMTJpNzY4JTIxNGYxMy4xJTIxM20zJTIxMW0yJTIxMXMweDEyYmE1YTE1MGY5ZDM4ZGQlMjUzQTB4YTg1YjYxMWQ3OTcwNGRhYiUyMTJzT3B0aW0lMjUyMEZpbmVzdHJhJTIxNWUxJTIxM20yJTIxMXNjYSUyMTJzZXMlMjE0djE2NDYwNzgyMjExNTElMjE1bTIlMjExc2NhJTIxMnNlcyUyMiUyMHdpZHRoJTNEJTIyNjAwJTIyJTIwaGVpZ2h0JTNEJTIyNDUwJTIyJTIwc3R5bGUlM0QlMjJib3JkZXIlM0EwJTNCJTIyJTIwYWxsb3dmdWxsc2NyZWVuJTNEJTIyJTIyJTIwbG9hZGluZyUzRCUyMmxhenklMjIlM0UlM0MlMkZpZnJhbWUlM0U=\u00a0\u00bb][\/vc_column][\/vc_row]<\/p>\n<\/div>","protected":false},"excerpt":{"rendered":"<p>[vc_section full_width=\u00a0\u00bbstretch_row\u00a0\u00bb][vc_row][vc_column][vc_row_inner][vc_column_inner width=\u00a0\u00bb1\/3&Prime;][vc_column_text] Nous sommes a\u0300 votre disposition. Rendez-nous visite et parlez-nous de votre projet [\/vc_column_text][\/vc_column_inner][vc_column_inner width=\u00a0\u00bb1\/3&Prime;][vc_column_text] Lundi: 9:00 \u00e0 13:00 et 15:00 a 19:00 Mardi:9:00 \u00e0 13:00 et 15:00 a 19:00 Mercredi: 9:00 \u00e0 13:00 et 15:00 a 19:00 Jeudi: 9:00 \u00e0 13:00 et 15:00 a 19:00 Vendredi: 9:00 \u00e0 13:00 et 15:00 a 19:00 Samedi: 9:00 \u00e0 13:00\u00a0 Dimanches et jours f\u00e9ri\u00e9s: ferm\u00e9 [\/vc_column_text][\/vc_column_inner][vc_column_inner width=\u00a0\u00bb1\/3&Prime;][vc_single_image image=\u00a0\u00bb10835&Prime; img_size=\u00a0\u00bbmedium\u00a0\u00bb alignment=\u00a0\u00bbcenter\u00a0\u00bb style=\u00a0\u00bbvc_box_rounded\u00a0\u00bb css=\u00a0\u00bb.vc_custom_1647008887092{margin-top: 16px !important;margin-bottom: 0px !important;padding-bottom: 0px !important;}\u00a0\u00bb][\/vc_column_inner][\/vc_row_inner][\/vc_column][\/vc_row][vc_row][vc_column][\/vc_column][\/vc_row][vc_row full_width=\u00a0\u00bbstretch_row\u00a0\u00bb bg_color_select=\u00a0\u00bbgray\u00a0\u00bb][vc_column][\/vc_column][\/vc_row][\/vc_section][vc_row full_width=\u00a0\u00bbstretch_row_content_no_spaces\u00a0\u00bb][vc_column][vc_gmaps link=\u00a0\u00bb#E-8_JTNDaWZyYW1lJTIwc3JjJTNEJTIyaHR0cHMlM0ElMkYlMkZ3d3cuZ29vZ2xlLmNvbSUyRm1hcHMlMkZlbWJlZCUzRnBiJTNEJTIxMW0xOCUyMTFtMTIlMjExbTMlMjExZDE0NjMyNS4zODcyNzM2MjM3JTIxMmQzLjA1Njk5MzgyNTQ3NDAyNDUlMjEzZDQyLjA1MDg5NTAyMTg4MTYxNSUyMTJtMyUyMTFmMCUyMTJmMCUyMTNmMCUyMTNtMiUyMTFpMTAyNCUyMTJpNzY4JTIxNGYxMy4xJTIxM20zJTIxMW0yJTIxMXMweDEyYmE1YTE1MGY5ZDM4ZGQlMjUzQTB4YTg1YjYxMWQ3OTcwNGRhYiUyMTJzT3B0aW0lMjUyMEZpbmVzdHJhJTIxNWUxJTIxM20yJTIxMXNjYSUyMTJzZXMlMjE0djE2NDYwNzgyMjExNTElMjE1bTIlMjExc2NhJTIxMnNlcyUyMiUyMHdpZHRoJTNEJTIyNjAwJTIyJTIwaGVpZ2h0JTNEJTIyNDUwJTIyJTIwc3R5bGUlM0QlMjJib3JkZXIlM0EwJTNCJTIyJTIwYWxsb3dmdWxsc2NyZWVuJTNEJTIyJTIyJTIwbG9hZGluZyUzRCUyMmxhenklMjIlM0UlM0MlMkZpZnJhbWUlM0U=\u00a0\u00bb][\/vc_column][\/vc_row]<\/p>\n","protected":false},"author":1,"featured_media":0,"parent":0,"menu_order":0,"comment_status":"closed","ping_status":"closed","template":"page-templates\/full-width.php","meta":{"footnotes":""},"yoast_head":"<!-- This site is optimized with the Yoast SEO plugin v22.4 - https:\/\/yoast.com\/wordpress\/plugins\/seo\/ -->\n<title>Contactez - Optim Finestra<\/title>\n<meta name=\"robots\" content=\"index, follow, max-snippet:-1, max-image-preview:large, max-video-preview:-1\" \/>\n<link rel=\"canonical\" href=\"https:\/\/optimfinestra.com\/fr\/contacte\/\" \/>\n<meta property=\"og:locale\" content=\"fr_FR\" \/>\n<meta property=\"og:type\" content=\"article\" \/>\n<meta property=\"og:title\" content=\"Contactez - Optim Finestra\" \/>\n<meta property=\"og:description\" content=\"[vc_section full_width=\u00a0\u00bbstretch_row\u00a0\u00bb][vc_row][vc_column][vc_row_inner][vc_column_inner width=\u00a0\u00bb1\/3&Prime;][vc_column_text] Nous sommes a\u0300 votre disposition. Rendez-nous visite et parlez-nous de votre projet [\/vc_column_text][\/vc_column_inner][vc_column_inner width=\u00a0\u00bb1\/3&Prime;][vc_column_text] Lundi: 9:00 \u00e0 13:00 et 15:00 a 19:00 Mardi:9:00 \u00e0 13:00 et 15:00 a 19:00 Mercredi: 9:00 \u00e0 13:00 et 15:00 a 19:00 Jeudi: 9:00 \u00e0 13:00 et 15:00 a 19:00 Vendredi: 9:00 \u00e0 13:00 et 15:00 a 19:00 Samedi: 9:00 \u00e0 13:00\u00a0 Dimanches et jours f\u00e9ri\u00e9s: ferm\u00e9 [\/vc_column_text][\/vc_column_inner][vc_column_inner width=\u00a0\u00bb1\/3&Prime;][vc_single_image image=\u00a0\u00bb10835&Prime; img_size=\u00a0\u00bbmedium\u00a0\u00bb alignment=\u00a0\u00bbcenter\u00a0\u00bb style=\u00a0\u00bbvc_box_rounded\u00a0\u00bb css=\u00a0\u00bb.vc_custom_1647008887092{margin-top: 16px !important;margin-bottom: 0px !important;padding-bottom: 0px !important;}\u00a0\u00bb][\/vc_column_inner][\/vc_row_inner][\/vc_column][\/vc_row][vc_row][vc_column][\/vc_column][\/vc_row][vc_row full_width=\u00a0\u00bbstretch_row\u00a0\u00bb bg_color_select=\u00a0\u00bbgray\u00a0\u00bb][vc_column][\/vc_column][\/vc_row][\/vc_section][vc_row full_width=\u00a0\u00bbstretch_row_content_no_spaces\u00a0\u00bb][vc_column][vc_gmaps link=\u00a0\u00bb#E-8_JTNDaWZyYW1lJTIwc3JjJTNEJTIyaHR0cHMlM0ElMkYlMkZ3d3cuZ29vZ2xlLmNvbSUyRm1hcHMlMkZlbWJlZCUzRnBiJTNEJTIxMW0xOCUyMTFtMTIlMjExbTMlMjExZDE0NjMyNS4zODcyNzM2MjM3JTIxMmQzLjA1Njk5MzgyNTQ3NDAyNDUlMjEzZDQyLjA1MDg5NTAyMTg4MTYxNSUyMTJtMyUyMTFmMCUyMTJmMCUyMTNmMCUyMTNtMiUyMTFpMTAyNCUyMTJpNzY4JTIxNGYxMy4xJTIxM20zJTIxMW0yJTIxMXMweDEyYmE1YTE1MGY5ZDM4ZGQlMjUzQTB4YTg1YjYxMWQ3OTcwNGRhYiUyMTJzT3B0aW0lMjUyMEZpbmVzdHJhJTIxNWUxJTIxM20yJTIxMXNjYSUyMTJzZXMlMjE0djE2NDYwNzgyMjExNTElMjE1bTIlMjExc2NhJTIxMnNlcyUyMiUyMHdpZHRoJTNEJTIyNjAwJTIyJTIwaGVpZ2h0JTNEJTIyNDUwJTIyJTIwc3R5bGUlM0QlMjJib3JkZXIlM0EwJTNCJTIyJTIwYWxsb3dmdWxsc2NyZWVuJTNEJTIyJTIyJTIwbG9hZGluZyUzRCUyMmxhenklMjIlM0UlM0MlMkZpZnJhbWUlM0U=\u00a0\u00bb][\/vc_column][\/vc_row]\" \/>\n<meta property=\"og:url\" content=\"https:\/\/optimfinestra.com\/fr\/contacte\/\" \/>\n<meta property=\"og:site_name\" content=\"Optim Finestra\" \/>\n<meta property=\"article:modified_time\" content=\"2022-05-04T14:46:54+00:00\" \/>\n<meta name=\"twitter:card\" content=\"summary_large_image\" \/>\n<meta name=\"twitter:label1\" content=\"Dur\u00e9e de lecture estim\u00e9e\" \/>\n\t<meta name=\"twitter:data1\" content=\"1 minute\" \/>\n<script type=\"application\/ld+json\" class=\"yoast-schema-graph\">{\"@context\":\"https:\/\/schema.org\",\"@graph\":[{\"@type\":\"WebPage\",\"@id\":\"https:\/\/optimfinestra.com\/fr\/contacte\/\",\"url\":\"https:\/\/optimfinestra.com\/fr\/contacte\/\",\"name\":\"Contactez - Optim Finestra\",\"isPartOf\":{\"@id\":\"https:\/\/optimfinestra.com\/fr\/#website\"},\"datePublished\":\"2017-05-17T18:05:52+00:00\",\"dateModified\":\"2022-05-04T14:46:54+00:00\",\"breadcrumb\":{\"@id\":\"https:\/\/optimfinestra.com\/fr\/contacte\/#breadcrumb\"},\"inLanguage\":\"fr-FR\",\"potentialAction\":[{\"@type\":\"ReadAction\",\"target\":[\"https:\/\/optimfinestra.com\/fr\/contacte\/\"]}]},{\"@type\":\"BreadcrumbList\",\"@id\":\"https:\/\/optimfinestra.com\/fr\/contacte\/#breadcrumb\",\"itemListElement\":[{\"@type\":\"ListItem\",\"position\":1,\"name\":\"Inici\",\"item\":\"https:\/\/optimfinestra.com\/fr\/\"},{\"@type\":\"ListItem\",\"position\":2,\"name\":\"Contactez\"}]},{\"@type\":\"WebSite\",\"@id\":\"https:\/\/optimfinestra.com\/fr\/#website\",\"url\":\"https:\/\/optimfinestra.com\/fr\/\",\"name\":\"Optim Finestra\",\"description\":\"Finestres de pvc i alumini\",\"potentialAction\":[{\"@type\":\"SearchAction\",\"target\":{\"@type\":\"EntryPoint\",\"urlTemplate\":\"https:\/\/optimfinestra.com\/fr\/?s={search_term_string}\"},\"query-input\":\"required name=search_term_string\"}],\"inLanguage\":\"fr-FR\"}]}<\/script>\n<!-- \/ Yoast SEO plugin. -->","yoast_head_json":{"title":"Contactez - Optim Finestra","robots":{"index":"index","follow":"follow","max-snippet":"max-snippet:-1","max-image-preview":"max-image-preview:large","max-video-preview":"max-video-preview:-1"},"canonical":"https:\/\/optimfinestra.com\/fr\/contacte\/","og_locale":"fr_FR","og_type":"article","og_title":"Contactez - Optim Finestra","og_description":"[vc_section full_width=\u00a0\u00bbstretch_row\u00a0\u00bb][vc_row][vc_column][vc_row_inner][vc_column_inner width=\u00a0\u00bb1\/3&Prime;][vc_column_text] Nous sommes a\u0300 votre disposition. Rendez-nous visite et parlez-nous de votre projet [\/vc_column_text][\/vc_column_inner][vc_column_inner width=\u00a0\u00bb1\/3&Prime;][vc_column_text] Lundi: 9:00 \u00e0 13:00 et 15:00 a 19:00 Mardi:9:00 \u00e0 13:00 et 15:00 a 19:00 Mercredi: 9:00 \u00e0 13:00 et 15:00 a 19:00 Jeudi: 9:00 \u00e0 13:00 et 15:00 a 19:00 Vendredi: 9:00 \u00e0 13:00 et 15:00 a 19:00 Samedi: 9:00 \u00e0 13:00\u00a0 Dimanches et jours f\u00e9ri\u00e9s: ferm\u00e9 [\/vc_column_text][\/vc_column_inner][vc_column_inner width=\u00a0\u00bb1\/3&Prime;][vc_single_image image=\u00a0\u00bb10835&Prime; img_size=\u00a0\u00bbmedium\u00a0\u00bb alignment=\u00a0\u00bbcenter\u00a0\u00bb style=\u00a0\u00bbvc_box_rounded\u00a0\u00bb css=\u00a0\u00bb.vc_custom_1647008887092{margin-top: 16px !important;margin-bottom: 0px !important;padding-bottom: 0px !important;}\u00a0\u00bb][\/vc_column_inner][\/vc_row_inner][\/vc_column][\/vc_row][vc_row][vc_column][\/vc_column][\/vc_row][vc_row full_width=\u00a0\u00bbstretch_row\u00a0\u00bb bg_color_select=\u00a0\u00bbgray\u00a0\u00bb][vc_column][\/vc_column][\/vc_row][\/vc_section][vc_row full_width=\u00a0\u00bbstretch_row_content_no_spaces\u00a0\u00bb][vc_column][vc_gmaps link=\u00a0\u00bb#E-8_JTNDaWZyYW1lJTIwc3JjJTNEJTIyaHR0cHMlM0ElMkYlMkZ3d3cuZ29vZ2xlLmNvbSUyRm1hcHMlMkZlbWJlZCUzRnBiJTNEJTIxMW0xOCUyMTFtMTIlMjExbTMlMjExZDE0NjMyNS4zODcyNzM2MjM3JTIxMmQzLjA1Njk5MzgyNTQ3NDAyNDUlMjEzZDQyLjA1MDg5NTAyMTg4MTYxNSUyMTJtMyUyMTFmMCUyMTJmMCUyMTNmMCUyMTNtMiUyMTFpMTAyNCUyMTJpNzY4JTIxNGYxMy4xJTIxM20zJTIxMW0yJTIxMXMweDEyYmE1YTE1MGY5ZDM4ZGQlMjUzQTB4YTg1YjYxMWQ3OTcwNGRhYiUyMTJzT3B0aW0lMjUyMEZpbmVzdHJhJTIxNWUxJTIxM20yJTIxMXNjYSUyMTJzZXMlMjE0djE2NDYwNzgyMjExNTElMjE1bTIlMjExc2NhJTIxMnNlcyUyMiUyMHdpZHRoJTNEJTIyNjAwJTIyJTIwaGVpZ2h0JTNEJTIyNDUwJTIyJTIwc3R5bGUlM0QlMjJib3JkZXIlM0EwJTNCJTIyJTIwYWxsb3dmdWxsc2NyZWVuJTNEJTIyJTIyJTIwbG9hZGluZyUzRCUyMmxhenklMjIlM0UlM0MlMkZpZnJhbWUlM0U=\u00a0\u00bb][\/vc_column][\/vc_row]","og_url":"https:\/\/optimfinestra.com\/fr\/contacte\/","og_site_name":"Optim Finestra","article_modified_time":"2022-05-04T14:46:54+00:00","twitter_card":"summary_large_image","twitter_misc":{"Dur\u00e9e de lecture estim\u00e9e":"1 minute"},"schema":{"@context":"https:\/\/schema.org","@graph":[{"@type":"WebPage","@id":"https:\/\/optimfinestra.com\/fr\/contacte\/","url":"https:\/\/optimfinestra.com\/fr\/contacte\/","name":"Contactez - Optim Finestra","isPartOf":{"@id":"https:\/\/optimfinestra.com\/fr\/#website"},"datePublished":"2017-05-17T18:05:52+00:00","dateModified":"2022-05-04T14:46:54+00:00","breadcrumb":{"@id":"https:\/\/optimfinestra.com\/fr\/contacte\/#breadcrumb"},"inLanguage":"fr-FR","potentialAction":[{"@type":"ReadAction","target":["https:\/\/optimfinestra.com\/fr\/contacte\/"]}]},{"@type":"BreadcrumbList","@id":"https:\/\/optimfinestra.com\/fr\/contacte\/#breadcrumb","itemListElement":[{"@type":"ListItem","position":1,"name":"Inici","item":"https:\/\/optimfinestra.com\/fr\/"},{"@type":"ListItem","position":2,"name":"Contactez"}]},{"@type":"WebSite","@id":"https:\/\/optimfinestra.com\/fr\/#website","url":"https:\/\/optimfinestra.com\/fr\/","name":"Optim Finestra","description":"Finestres de pvc i alumini","potentialAction":[{"@type":"SearchAction","target":{"@type":"EntryPoint","urlTemplate":"https:\/\/optimfinestra.com\/fr\/?s={search_term_string}"},"query-input":"required name=search_term_string"}],"inLanguage":"fr-FR"}]}},"_links":{"self":[{"href":"https:\/\/optimfinestra.com\/fr\/wp-json\/wp\/v2\/pages\/12193"}],"collection":[{"href":"https:\/\/optimfinestra.com\/fr\/wp-json\/wp\/v2\/pages"}],"about":[{"href":"https:\/\/optimfinestra.com\/fr\/wp-json\/wp\/v2\/types\/page"}],"author":[{"embeddable":true,"href":"https:\/\/optimfinestra.com\/fr\/wp-json\/wp\/v2\/users\/1"}],"replies":[{"embeddable":true,"href":"https:\/\/optimfinestra.com\/fr\/wp-json\/wp\/v2\/comments?post=12193"}],"version-history":[{"count":7,"href":"https:\/\/optimfinestra.com\/fr\/wp-json\/wp\/v2\/pages\/12193\/revisions"}],"predecessor-version":[{"id":12610,"href":"https:\/\/optimfinestra.com\/fr\/wp-json\/wp\/v2\/pages\/12193\/revisions\/12610"}],"wp:attachment":[{"href":"https:\/\/optimfinestra.com\/fr\/wp-json\/wp\/v2\/media?parent=12193"}],"curies":[{"name":"wp","href":"https:\/\/api.w.org\/{rel}","templated":true}]}}