{"id":12195,"date":"2017-05-17T20:05:52","date_gmt":"2017-05-17T18:05:52","guid":{"rendered":"https:\/\/optimfinestra.com\/contacte\/"},"modified":"2022-04-22T10:45:05","modified_gmt":"2022-04-22T08:45:05","slug":"contacte","status":"publish","type":"page","link":"https:\/\/optimfinestra.com\/es\/contacte\/","title":{"rendered":"Contacto"},"content":{"rendered":"<div class=\"wpb-content-wrapper\"><p>[vc_section full_width=\u00bbstretch_row\u00bb][vc_row][vc_column][vc_row_inner][vc_column_inner width=\u00bb1\/3&#8243;]<div class=\"heading  header-subheader align-left color-black transform-default theme-icon-second icon-type-hidden   vc_custom_1650616890652 heading-tag-h3\" id=\"like_sc_header_1635850629\"><h3 class=\"header ltx-sr-id-like_sc_header_16358506291190265971 ltx-sr ltx-sr-effect-fade_in ltx-sr-el-block ltx-sr-delay-0 ltx-sr-duration-1000 ltx-sr-sequences-0\">Oficinas<\/h3><\/div>[vc_column_text]Estamos siempre a su disposici\u00f3n. Vis\u00edtanos y cu\u00e9ntanos tu proyecto[\/vc_column_text]<div class=\"align-center \"><ul class=\"social-icons-list   vc_custom_1646078504970 icon-weight-bold\" id=\"like_sc_header_1364710458\"><li class=\" \"><span class=\"\"><\/span><span class=\"head\">+34 665 369 127<\/span><\/li><li class=\" \"><a href=\"mailto:info@optimfinestra.com\"><span class=\"\"><\/span><span class=\"head\">info@optimfinestra.com<\/span><\/a><\/li><li class=\" \"><span class=\"\"><\/span><span class=\"head\">Avinguda de Roma 60, L'Estartit, Girona<\/span><\/li><\/ul><\/div><div class=\"align-center \"><ul class=\"social-big icon-weight-bold\" id=\"like_sc_header_1188376379\"><li><a href=\"#\" class=\"ltx-social-color fa fa-facebook\"><\/a><\/li><li><a href=\"#\" class=\"ltx-social-color fa fa-twitter\"><\/a><\/li><li><a href=\"#\" class=\"ltx-social-color fa fa-youtube\"><\/a><\/li><li><a href=\"#\" class=\"ltx-social-color fa fa-instagram\"><\/a><\/li><\/ul><\/div>[\/vc_column_inner][vc_column_inner width=\u00bb1\/3&#8243;]<div class=\"es-resp\">\t<div class=\"visible-xl\" style=\"height: 0px;\"><\/div>\t<div class=\"hidden-xl hidden-md hidden-sm hidden-ms hidden-xs\" style=\"height: 0px;\"><\/div>\t<div class=\"visible-md\" style=\"height: 0px;\"><\/div>\t<div class=\"visible-sm \" style=\"height: 48px;\"><\/div>\t<div class=\"visible-ms\" style=\"height: 48px;\"><\/div>\t<div class=\"visible-xs\" style=\"height: 48px;\"><\/div><\/div><div class=\"heading  header-subheader align-left color-black subcolor-main transform-default theme-icon-second icon-type-hidden   vc_custom_1650616897678 heading-tag-h3\" id=\"like_sc_header_1483467622\"><h3 class=\"header ltx-sr-id-like_sc_header_1483467622483073943 ltx-sr ltx-sr-effect-fade_in ltx-sr-el-block ltx-sr-delay-0 ltx-sr-duration-1000 ltx-sr-sequences-0\">Horario<\/h3><\/div>[vc_column_text]<\/p>\n<ul class=\"ltx-hours\">\n<li><strong>Lunes:<\/strong> <strong>9:00 a 13:00 y 15:00 a 19:00<\/strong><\/li>\n<li><strong>Martes:<\/strong><strong>9:00 a 13:00 y 15:00 a 19:00<\/strong><\/li>\n<li><strong>Miercoles: <\/strong><strong>9:00 a 13:00 y 15:00 a 19:00<\/strong><\/li>\n<li><strong>Jueves: <\/strong><strong>9:00 a 13:00 y 15:00 a 19:00<\/strong><\/li>\n<li><strong>Viernes: <\/strong><strong>9:00 a 13:00 y 15:00 a 19:00<\/strong><\/li>\n<li><strong>S\u00e1bado: <\/strong><strong>9:00 a 13:00\u00a0<\/strong><\/li>\n<li><strong>Domingo y festivos:<\/strong> <strong>cerrado<\/strong><\/li>\n<\/ul>\n<p>[\/vc_column_text]<div class=\"es-resp\">\t<div class=\"hidden-xl hidden-md hidden-sm hidden-ms hidden-xs\" style=\"height: 28px;\"><\/div>\t<div class=\"visible-md\" style=\"height: 28px;\"><\/div>\t<div class=\"visible-sm \" style=\"height: 28px;\"><\/div>\t<div class=\"visible-ms\" style=\"height: 28px;\"><\/div>\t<div class=\"visible-xs\" style=\"height: 28px;\"><\/div><\/div>[\/vc_column_inner][vc_column_inner width=\u00bb1\/3&#8243;][vc_single_image image=\u00bb10835&#8243; img_size=\u00bbmedium\u00bb alignment=\u00bbcenter\u00bb style=\u00bbvc_box_rounded\u00bb css=\u00bb.vc_custom_1647008887092{margin-top: 16px !important;margin-bottom: 0px !important;padding-bottom: 0px !important;}\u00bb][\/vc_column_inner][\/vc_row_inner][\/vc_column][\/vc_row][vc_row][vc_column]<div class=\"es-resp\">\t<div class=\"visible-xl\" style=\"height: 80px;\"><\/div>\t<div class=\"hidden-xl hidden-md hidden-sm hidden-ms hidden-xs\" style=\"height: 80px;\"><\/div>\t<div class=\"visible-md\" style=\"height: 80px;\"><\/div>\t<div class=\"visible-sm \" style=\"height: 80px;\"><\/div>\t<div class=\"visible-ms\" style=\"height: 80px;\"><\/div>\t<div class=\"visible-xs\" style=\"height: 80px;\"><\/div><\/div>[\/vc_column][\/vc_row][vc_row full_width=\u00bbstretch_row\u00bb bg_color_select=\u00bbgray\u00bb][vc_column]<div class=\"ltx-content-width col-align-center\" id=\"like_sc_content_width_1534228764\" style=\"max-width: 1050px\"><div class=\"ltx-wrapper\"><div class=\"es-resp\">\t<div class=\"visible-xl\" style=\"height: 48px;\"><\/div>\t<div class=\"hidden-xl hidden-md hidden-sm hidden-ms hidden-xs\" style=\"height: 48px;\"><\/div>\t<div class=\"visible-md\" style=\"height: 48px;\"><\/div>\t<div class=\"visible-sm \" style=\"height: 48px;\"><\/div>\t<div class=\"visible-ms\" style=\"height: 48px;\"><\/div>\t<div class=\"visible-xs\" style=\"height: 48px;\"><\/div><\/div><div class=\"heading  header-subheader align-center color-black subcolor-main transform-default theme-icon-second icon-type-default   vc_custom_1650616944532 heading-tag-h3\" id=\"like_sc_header_1864455501\"><h3 class=\"header ltx-sr-id-like_sc_header_18644555011847742750 ltx-sr ltx-sr-effect-fade_in ltx-sr-el-block ltx-sr-delay-0 ltx-sr-duration-1000 ltx-sr-sequences-0\">Formulario de contacto<\/h3><\/div><div class=\"ltx-contact-form-7 transform-default form-center form-gray form-bg-gray form-style-default form-btn-default form-btn-default form-padding-none    vc_custom_1650617058755\" id=\"like_sc_contact_form_7_1725252040\">\n<div class=\"wpcf7 no-js\" id=\"wpcf7-f12280-o2\" lang=\"ca\" dir=\"ltr\">\n<div class=\"screen-reader-response\"><p role=\"status\" aria-live=\"polite\" aria-atomic=\"true\"><\/p> <ul><\/ul><\/div>\n<form action=\"\/es\/wp-json\/wp\/v2\/pages\/12195#wpcf7-f12280-o2\" method=\"post\" class=\"wpcf7-form init\" aria-label=\"Formulari de contacte\" novalidate=\"novalidate\" data-status=\"init\">\n<div style=\"display: none;\">\n<input type=\"hidden\" name=\"_wpcf7\" value=\"12280\" \/>\n<input type=\"hidden\" name=\"_wpcf7_version\" value=\"5.9.3\" \/>\n<input type=\"hidden\" name=\"_wpcf7_locale\" value=\"ca\" \/>\n<input type=\"hidden\" name=\"_wpcf7_unit_tag\" value=\"wpcf7-f12280-o2\" \/>\n<input type=\"hidden\" name=\"_wpcf7_container_post\" value=\"0\" \/>\n<input type=\"hidden\" name=\"_wpcf7_posted_data_hash\" value=\"\" \/>\n<input type=\"hidden\" name=\"_wpcf7_recaptcha_response\" value=\"\" \/>\n<\/div>\n<div class=\"row\">\n\t<div class=\"col-lg-6\">\n\t\t<p><span class=\"wpcf7-form-control-wrap\" data-name=\"nom\"><input size=\"40\" class=\"wpcf7-form-control wpcf7-text wpcf7-validates-as-required\" aria-required=\"true\" aria-invalid=\"false\" placeholder=\"Nombre\" value=\"\" type=\"text\" name=\"nom\" \/><\/span>\n\t\t<\/p>\n\t<\/div>\n\t<div class=\"col-lg-6\">\n\t\t<p><span class=\"wpcf7-form-control-wrap\" data-name=\"correu\"><input size=\"40\" class=\"wpcf7-form-control wpcf7-email wpcf7-validates-as-required wpcf7-text wpcf7-validates-as-email\" aria-required=\"true\" aria-invalid=\"false\" placeholder=\"Correo electr\u00f3nico\" value=\"\" type=\"email\" name=\"correu\" \/><\/span>\n\t\t<\/p>\n\t<\/div>\n<\/div>\n<p><span class=\"wpcf7-form-control-wrap\" data-name=\"missatge\"><textarea cols=\"40\" rows=\"10\" class=\"wpcf7-form-control wpcf7-textarea\" aria-invalid=\"false\" placeholder=\"Mensaje\" name=\"missatge\"><\/textarea><\/span>\n<\/p>\n<p><input class=\"wpcf7-form-control wpcf7-submit has-spinner\" type=\"submit\" value=\"Enviar\" \/>\n<\/p><div class=\"wpcf7-response-output\" aria-hidden=\"true\"><\/div>\n<\/form>\n<\/div>\n<\/div><div class=\"es-resp\">\t<div class=\"visible-xl\" style=\"height: 128px;\"><\/div>\t<div class=\"hidden-xl hidden-md hidden-sm hidden-ms hidden-xs\" style=\"height: 128px;\"><\/div>\t<div class=\"visible-md\" style=\"height: 128px;\"><\/div>\t<div class=\"visible-sm \" style=\"height: 128px;\"><\/div>\t<div class=\"visible-ms\" style=\"height: 128px;\"><\/div>\t<div class=\"visible-xs\" style=\"height: 128px;\"><\/div><\/div><\/div><\/div>[\/vc_column][\/vc_row][\/vc_section][vc_row full_width=\u00bbstretch_row_content_no_spaces\u00bb][vc_column][vc_gmaps link=\u00bb#E-8_JTNDaWZyYW1lJTIwc3JjJTNEJTIyaHR0cHMlM0ElMkYlMkZ3d3cuZ29vZ2xlLmNvbSUyRm1hcHMlMkZlbWJlZCUzRnBiJTNEJTIxMW0xOCUyMTFtMTIlMjExbTMlMjExZDE0NjMyNS4zODcyNzM2MjM3JTIxMmQzLjA1Njk5MzgyNTQ3NDAyNDUlMjEzZDQyLjA1MDg5NTAyMTg4MTYxNSUyMTJtMyUyMTFmMCUyMTJmMCUyMTNmMCUyMTNtMiUyMTFpMTAyNCUyMTJpNzY4JTIxNGYxMy4xJTIxM20zJTIxMW0yJTIxMXMweDEyYmE1YTE1MGY5ZDM4ZGQlMjUzQTB4YTg1YjYxMWQ3OTcwNGRhYiUyMTJzT3B0aW0lMjUyMEZpbmVzdHJhJTIxNWUxJTIxM20yJTIxMXNjYSUyMTJzZXMlMjE0djE2NDYwNzgyMjExNTElMjE1bTIlMjExc2NhJTIxMnNlcyUyMiUyMHdpZHRoJTNEJTIyNjAwJTIyJTIwaGVpZ2h0JTNEJTIyNDUwJTIyJTIwc3R5bGUlM0QlMjJib3JkZXIlM0EwJTNCJTIyJTIwYWxsb3dmdWxsc2NyZWVuJTNEJTIyJTIyJTIwbG9hZGluZyUzRCUyMmxhenklMjIlM0UlM0MlMkZpZnJhbWUlM0U=\u00bb][\/vc_column][\/vc_row]<\/p>\n<\/div>","protected":false},"excerpt":{"rendered":"<p>[vc_section full_width=\u00bbstretch_row\u00bb][vc_row][vc_column][vc_row_inner][vc_column_inner width=\u00bb1\/3&#8243;][vc_column_text]Estamos siempre a su disposici\u00f3n. Vis\u00edtanos y cu\u00e9ntanos tu proyecto[\/vc_column_text][\/vc_column_inner][vc_column_inner width=\u00bb1\/3&#8243;][vc_column_text] Lunes: 9:00 a 13:00 y 15:00 a 19:00 Martes:9:00 a 13:00 y 15:00 a 19:00 Miercoles: 9:00 a 13:00 y 15:00 a 19:00 Jueves: 9:00 a 13:00 y 15:00 a 19:00 Viernes: 9:00 a 13:00 y 15:00 a 19:00 S\u00e1bado: 9:00 a 13:00\u00a0 Domingo y festivos: cerrado [\/vc_column_text][\/vc_column_inner][vc_column_inner width=\u00bb1\/3&#8243;][vc_single_image image=\u00bb10835&#8243; img_size=\u00bbmedium\u00bb alignment=\u00bbcenter\u00bb style=\u00bbvc_box_rounded\u00bb css=\u00bb.vc_custom_1647008887092{margin-top: 16px !important;margin-bottom: 0px !important;padding-bottom: 0px !important;}\u00bb][\/vc_column_inner][\/vc_row_inner][\/vc_column][\/vc_row][vc_row][vc_column][\/vc_column][\/vc_row][vc_row full_width=\u00bbstretch_row\u00bb bg_color_select=\u00bbgray\u00bb][vc_column][\/vc_column][\/vc_row][\/vc_section][vc_row full_width=\u00bbstretch_row_content_no_spaces\u00bb][vc_column][vc_gmaps link=\u00bb#E-8_JTNDaWZyYW1lJTIwc3JjJTNEJTIyaHR0cHMlM0ElMkYlMkZ3d3cuZ29vZ2xlLmNvbSUyRm1hcHMlMkZlbWJlZCUzRnBiJTNEJTIxMW0xOCUyMTFtMTIlMjExbTMlMjExZDE0NjMyNS4zODcyNzM2MjM3JTIxMmQzLjA1Njk5MzgyNTQ3NDAyNDUlMjEzZDQyLjA1MDg5NTAyMTg4MTYxNSUyMTJtMyUyMTFmMCUyMTJmMCUyMTNmMCUyMTNtMiUyMTFpMTAyNCUyMTJpNzY4JTIxNGYxMy4xJTIxM20zJTIxMW0yJTIxMXMweDEyYmE1YTE1MGY5ZDM4ZGQlMjUzQTB4YTg1YjYxMWQ3OTcwNGRhYiUyMTJzT3B0aW0lMjUyMEZpbmVzdHJhJTIxNWUxJTIxM20yJTIxMXNjYSUyMTJzZXMlMjE0djE2NDYwNzgyMjExNTElMjE1bTIlMjExc2NhJTIxMnNlcyUyMiUyMHdpZHRoJTNEJTIyNjAwJTIyJTIwaGVpZ2h0JTNEJTIyNDUwJTIyJTIwc3R5bGUlM0QlMjJib3JkZXIlM0EwJTNCJTIyJTIwYWxsb3dmdWxsc2NyZWVuJTNEJTIyJTIyJTIwbG9hZGluZyUzRCUyMmxhenklMjIlM0UlM0MlMkZpZnJhbWUlM0U=\u00bb][\/vc_column][\/vc_row]<\/p>\n","protected":false},"author":1,"featured_media":0,"parent":0,"menu_order":0,"comment_status":"closed","ping_status":"closed","template":"page-templates\/full-width.php","meta":{"footnotes":""},"yoast_head":"<!-- This site is optimized with the Yoast SEO plugin v22.4 - https:\/\/yoast.com\/wordpress\/plugins\/seo\/ -->\n<title>Contacto - Optim Finestra<\/title>\n<meta name=\"robots\" content=\"index, follow, max-snippet:-1, max-image-preview:large, max-video-preview:-1\" \/>\n<link rel=\"canonical\" href=\"https:\/\/optimfinestra.com\/es\/contacte\/\" \/>\n<meta property=\"og:locale\" content=\"es_ES\" \/>\n<meta property=\"og:type\" content=\"article\" \/>\n<meta property=\"og:title\" content=\"Contacto - Optim Finestra\" \/>\n<meta property=\"og:description\" content=\"[vc_section full_width=\u00bbstretch_row\u00bb][vc_row][vc_column][vc_row_inner][vc_column_inner width=\u00bb1\/3&#8243;][vc_column_text]Estamos siempre a su disposici\u00f3n. Vis\u00edtanos y cu\u00e9ntanos tu proyecto[\/vc_column_text][\/vc_column_inner][vc_column_inner width=\u00bb1\/3&#8243;][vc_column_text] Lunes: 9:00 a 13:00 y 15:00 a 19:00 Martes:9:00 a 13:00 y 15:00 a 19:00 Miercoles: 9:00 a 13:00 y 15:00 a 19:00 Jueves: 9:00 a 13:00 y 15:00 a 19:00 Viernes: 9:00 a 13:00 y 15:00 a 19:00 S\u00e1bado: 9:00 a 13:00\u00a0 Domingo y festivos: cerrado [\/vc_column_text][\/vc_column_inner][vc_column_inner width=\u00bb1\/3&#8243;][vc_single_image image=\u00bb10835&#8243; img_size=\u00bbmedium\u00bb alignment=\u00bbcenter\u00bb style=\u00bbvc_box_rounded\u00bb css=\u00bb.vc_custom_1647008887092{margin-top: 16px !important;margin-bottom: 0px !important;padding-bottom: 0px !important;}\u00bb][\/vc_column_inner][\/vc_row_inner][\/vc_column][\/vc_row][vc_row][vc_column][\/vc_column][\/vc_row][vc_row full_width=\u00bbstretch_row\u00bb bg_color_select=\u00bbgray\u00bb][vc_column][\/vc_column][\/vc_row][\/vc_section][vc_row full_width=\u00bbstretch_row_content_no_spaces\u00bb][vc_column][vc_gmaps link=\u00bb#E-8_JTNDaWZyYW1lJTIwc3JjJTNEJTIyaHR0cHMlM0ElMkYlMkZ3d3cuZ29vZ2xlLmNvbSUyRm1hcHMlMkZlbWJlZCUzRnBiJTNEJTIxMW0xOCUyMTFtMTIlMjExbTMlMjExZDE0NjMyNS4zODcyNzM2MjM3JTIxMmQzLjA1Njk5MzgyNTQ3NDAyNDUlMjEzZDQyLjA1MDg5NTAyMTg4MTYxNSUyMTJtMyUyMTFmMCUyMTJmMCUyMTNmMCUyMTNtMiUyMTFpMTAyNCUyMTJpNzY4JTIxNGYxMy4xJTIxM20zJTIxMW0yJTIxMXMweDEyYmE1YTE1MGY5ZDM4ZGQlMjUzQTB4YTg1YjYxMWQ3OTcwNGRhYiUyMTJzT3B0aW0lMjUyMEZpbmVzdHJhJTIxNWUxJTIxM20yJTIxMXNjYSUyMTJzZXMlMjE0djE2NDYwNzgyMjExNTElMjE1bTIlMjExc2NhJTIxMnNlcyUyMiUyMHdpZHRoJTNEJTIyNjAwJTIyJTIwaGVpZ2h0JTNEJTIyNDUwJTIyJTIwc3R5bGUlM0QlMjJib3JkZXIlM0EwJTNCJTIyJTIwYWxsb3dmdWxsc2NyZWVuJTNEJTIyJTIyJTIwbG9hZGluZyUzRCUyMmxhenklMjIlM0UlM0MlMkZpZnJhbWUlM0U=\u00bb][\/vc_column][\/vc_row]\" \/>\n<meta property=\"og:url\" content=\"https:\/\/optimfinestra.com\/es\/contacte\/\" \/>\n<meta property=\"og:site_name\" content=\"Optim Finestra\" \/>\n<meta property=\"article:modified_time\" content=\"2022-04-22T08:45:05+00:00\" \/>\n<meta name=\"twitter:card\" content=\"summary_large_image\" \/>\n<meta name=\"twitter:label1\" content=\"Tiempo de lectura\" \/>\n\t<meta name=\"twitter:data1\" content=\"1 minuto\" \/>\n<script type=\"application\/ld+json\" class=\"yoast-schema-graph\">{\"@context\":\"https:\/\/schema.org\",\"@graph\":[{\"@type\":\"WebPage\",\"@id\":\"https:\/\/optimfinestra.com\/es\/contacte\/\",\"url\":\"https:\/\/optimfinestra.com\/es\/contacte\/\",\"name\":\"Contacto - Optim Finestra\",\"isPartOf\":{\"@id\":\"https:\/\/optimfinestra.com\/es\/#website\"},\"datePublished\":\"2017-05-17T18:05:52+00:00\",\"dateModified\":\"2022-04-22T08:45:05+00:00\",\"breadcrumb\":{\"@id\":\"https:\/\/optimfinestra.com\/es\/contacte\/#breadcrumb\"},\"inLanguage\":\"es\",\"potentialAction\":[{\"@type\":\"ReadAction\",\"target\":[\"https:\/\/optimfinestra.com\/es\/contacte\/\"]}]},{\"@type\":\"BreadcrumbList\",\"@id\":\"https:\/\/optimfinestra.com\/es\/contacte\/#breadcrumb\",\"itemListElement\":[{\"@type\":\"ListItem\",\"position\":1,\"name\":\"Inici\",\"item\":\"https:\/\/optimfinestra.com\/es\/\"},{\"@type\":\"ListItem\",\"position\":2,\"name\":\"Contacto\"}]},{\"@type\":\"WebSite\",\"@id\":\"https:\/\/optimfinestra.com\/es\/#website\",\"url\":\"https:\/\/optimfinestra.com\/es\/\",\"name\":\"Optim Finestra\",\"description\":\"Finestres de pvc i alumini\",\"potentialAction\":[{\"@type\":\"SearchAction\",\"target\":{\"@type\":\"EntryPoint\",\"urlTemplate\":\"https:\/\/optimfinestra.com\/es\/?s={search_term_string}\"},\"query-input\":\"required name=search_term_string\"}],\"inLanguage\":\"es\"}]}<\/script>\n<!-- \/ Yoast SEO plugin. -->","yoast_head_json":{"title":"Contacto - Optim Finestra","robots":{"index":"index","follow":"follow","max-snippet":"max-snippet:-1","max-image-preview":"max-image-preview:large","max-video-preview":"max-video-preview:-1"},"canonical":"https:\/\/optimfinestra.com\/es\/contacte\/","og_locale":"es_ES","og_type":"article","og_title":"Contacto - Optim Finestra","og_description":"[vc_section full_width=\u00bbstretch_row\u00bb][vc_row][vc_column][vc_row_inner][vc_column_inner width=\u00bb1\/3&#8243;][vc_column_text]Estamos siempre a su disposici\u00f3n. Vis\u00edtanos y cu\u00e9ntanos tu proyecto[\/vc_column_text][\/vc_column_inner][vc_column_inner width=\u00bb1\/3&#8243;][vc_column_text] Lunes: 9:00 a 13:00 y 15:00 a 19:00 Martes:9:00 a 13:00 y 15:00 a 19:00 Miercoles: 9:00 a 13:00 y 15:00 a 19:00 Jueves: 9:00 a 13:00 y 15:00 a 19:00 Viernes: 9:00 a 13:00 y 15:00 a 19:00 S\u00e1bado: 9:00 a 13:00\u00a0 Domingo y festivos: cerrado [\/vc_column_text][\/vc_column_inner][vc_column_inner width=\u00bb1\/3&#8243;][vc_single_image image=\u00bb10835&#8243; img_size=\u00bbmedium\u00bb alignment=\u00bbcenter\u00bb style=\u00bbvc_box_rounded\u00bb css=\u00bb.vc_custom_1647008887092{margin-top: 16px !important;margin-bottom: 0px !important;padding-bottom: 0px !important;}\u00bb][\/vc_column_inner][\/vc_row_inner][\/vc_column][\/vc_row][vc_row][vc_column][\/vc_column][\/vc_row][vc_row full_width=\u00bbstretch_row\u00bb bg_color_select=\u00bbgray\u00bb][vc_column][\/vc_column][\/vc_row][\/vc_section][vc_row full_width=\u00bbstretch_row_content_no_spaces\u00bb][vc_column][vc_gmaps link=\u00bb#E-8_JTNDaWZyYW1lJTIwc3JjJTNEJTIyaHR0cHMlM0ElMkYlMkZ3d3cuZ29vZ2xlLmNvbSUyRm1hcHMlMkZlbWJlZCUzRnBiJTNEJTIxMW0xOCUyMTFtMTIlMjExbTMlMjExZDE0NjMyNS4zODcyNzM2MjM3JTIxMmQzLjA1Njk5MzgyNTQ3NDAyNDUlMjEzZDQyLjA1MDg5NTAyMTg4MTYxNSUyMTJtMyUyMTFmMCUyMTJmMCUyMTNmMCUyMTNtMiUyMTFpMTAyNCUyMTJpNzY4JTIxNGYxMy4xJTIxM20zJTIxMW0yJTIxMXMweDEyYmE1YTE1MGY5ZDM4ZGQlMjUzQTB4YTg1YjYxMWQ3OTcwNGRhYiUyMTJzT3B0aW0lMjUyMEZpbmVzdHJhJTIxNWUxJTIxM20yJTIxMXNjYSUyMTJzZXMlMjE0djE2NDYwNzgyMjExNTElMjE1bTIlMjExc2NhJTIxMnNlcyUyMiUyMHdpZHRoJTNEJTIyNjAwJTIyJTIwaGVpZ2h0JTNEJTIyNDUwJTIyJTIwc3R5bGUlM0QlMjJib3JkZXIlM0EwJTNCJTIyJTIwYWxsb3dmdWxsc2NyZWVuJTNEJTIyJTIyJTIwbG9hZGluZyUzRCUyMmxhenklMjIlM0UlM0MlMkZpZnJhbWUlM0U=\u00bb][\/vc_column][\/vc_row]","og_url":"https:\/\/optimfinestra.com\/es\/contacte\/","og_site_name":"Optim Finestra","article_modified_time":"2022-04-22T08:45:05+00:00","twitter_card":"summary_large_image","twitter_misc":{"Tiempo de lectura":"1 minuto"},"schema":{"@context":"https:\/\/schema.org","@graph":[{"@type":"WebPage","@id":"https:\/\/optimfinestra.com\/es\/contacte\/","url":"https:\/\/optimfinestra.com\/es\/contacte\/","name":"Contacto - Optim Finestra","isPartOf":{"@id":"https:\/\/optimfinestra.com\/es\/#website"},"datePublished":"2017-05-17T18:05:52+00:00","dateModified":"2022-04-22T08:45:05+00:00","breadcrumb":{"@id":"https:\/\/optimfinestra.com\/es\/contacte\/#breadcrumb"},"inLanguage":"es","potentialAction":[{"@type":"ReadAction","target":["https:\/\/optimfinestra.com\/es\/contacte\/"]}]},{"@type":"BreadcrumbList","@id":"https:\/\/optimfinestra.com\/es\/contacte\/#breadcrumb","itemListElement":[{"@type":"ListItem","position":1,"name":"Inici","item":"https:\/\/optimfinestra.com\/es\/"},{"@type":"ListItem","position":2,"name":"Contacto"}]},{"@type":"WebSite","@id":"https:\/\/optimfinestra.com\/es\/#website","url":"https:\/\/optimfinestra.com\/es\/","name":"Optim Finestra","description":"Finestres de pvc i alumini","potentialAction":[{"@type":"SearchAction","target":{"@type":"EntryPoint","urlTemplate":"https:\/\/optimfinestra.com\/es\/?s={search_term_string}"},"query-input":"required name=search_term_string"}],"inLanguage":"es"}]}},"_links":{"self":[{"href":"https:\/\/optimfinestra.com\/es\/wp-json\/wp\/v2\/pages\/12195"}],"collection":[{"href":"https:\/\/optimfinestra.com\/es\/wp-json\/wp\/v2\/pages"}],"about":[{"href":"https:\/\/optimfinestra.com\/es\/wp-json\/wp\/v2\/types\/page"}],"author":[{"embeddable":true,"href":"https:\/\/optimfinestra.com\/es\/wp-json\/wp\/v2\/users\/1"}],"replies":[{"embeddable":true,"href":"https:\/\/optimfinestra.com\/es\/wp-json\/wp\/v2\/comments?post=12195"}],"version-history":[{"count":7,"href":"https:\/\/optimfinestra.com\/es\/wp-json\/wp\/v2\/pages\/12195\/revisions"}],"predecessor-version":[{"id":12282,"href":"https:\/\/optimfinestra.com\/es\/wp-json\/wp\/v2\/pages\/12195\/revisions\/12282"}],"wp:attachment":[{"href":"https:\/\/optimfinestra.com\/es\/wp-json\/wp\/v2\/media?parent=12195"}],"curies":[{"name":"wp","href":"https:\/\/api.w.org\/{rel}","templated":true}]}}